{"id":6796,"date":"2025-01-02T14:20:48","date_gmt":"2025-01-02T14:20:48","guid":{"rendered":"https:\/\/gpi-degouwe.com\/?page_id=6796"},"modified":"2025-03-20T14:39:45","modified_gmt":"2025-03-20T14:39:45","slug":"de-clear-coating-of-french-fries","status":"publish","type":"page","link":"https:\/\/gpi-degouwe.com\/de\/de-clear-coating-of-french-fries\/","title":{"rendered":"Clearcoating f\u00fcr Pommes Frites"},"content":{"rendered":"\t\t<div data-elementor-type=\"wp-page\" data-elementor-id=\"6796\" class=\"elementor elementor-6796 elementor-6791\" data-elementor-post-type=\"page\">\n\t\t\t\t<div class=\"elementor-element elementor-element-c75f7da e-con-full e-flex e-con e-parent\" data-id=\"c75f7da\" data-element_type=\"container\" data-settings=\"{&quot;background_background&quot;:&quot;gradient&quot;}\">\n\t\t\t\t<div class=\"elementor-element elementor-element-24600c2 elementor-widget elementor-widget-brandbox\" data-id=\"24600c2\" data-element_type=\"widget\" data-widget_type=\"brandbox.default\">\n\t\t\t\t<div class=\"elementor-widget-container\">\n\t\t\t\t\t<div class=\"brandbox\">\n\t<div class=\"brandbox-content\">\n\t\t\t\t\n\t\t\t\t\t<h1 class=\"brandbox-title\">Clearcoating f\u00fcr Pommes Frites<\/h1>\n\t\t\n\t\t\t<\/div>\n\n\t<div class=\"brandbox-media\">\n\t\t\t\t\t<img fetchpriority=\"high\" decoding=\"async\" width=\"2048\" height=\"1392\" src=\"https:\/\/gpi-degouwe.com\/wp-content\/uploads\/2024\/12\/shutterstock_497269684-2048x1392-1.jpg\" class=\"attachment-full size-full\" alt=\"Wedges\" srcset=\"https:\/\/gpi-degouwe.com\/wp-content\/uploads\/2024\/12\/shutterstock_497269684-2048x1392-1.jpg 2048w, https:\/\/gpi-degouwe.com\/wp-content\/uploads\/2024\/12\/shutterstock_497269684-2048x1392-1-300x204.jpg 300w, https:\/\/gpi-degouwe.com\/wp-content\/uploads\/2024\/12\/shutterstock_497269684-2048x1392-1-1024x696.jpg 1024w, https:\/\/gpi-degouwe.com\/wp-content\/uploads\/2024\/12\/shutterstock_497269684-2048x1392-1-768x522.jpg 768w, https:\/\/gpi-degouwe.com\/wp-content\/uploads\/2024\/12\/shutterstock_497269684-2048x1392-1-1536x1044.jpg 1536w\" sizes=\"(max-width: 2048px) 100vw, 2048px\" title=\"by Gpi De Gouwe\">\t\t\t<\/div> \n<\/div>\n\n\t\t\t\t<\/div>\n\t\t\t\t<\/div>\n\t\t\t\t<\/div>\n\t\t<div class=\"elementor-element elementor-element-da92388 e-flex e-con-boxed e-con e-parent\" data-id=\"da92388\" data-element_type=\"container\" data-settings=\"{&quot;background_background&quot;:&quot;gradient&quot;}\">\n\t\t\t\t\t<div class=\"e-con-inner\">\n\t\t<div class=\"elementor-element elementor-element-ce1ffee e-con-full e-flex e-con e-child\" data-id=\"ce1ffee\" data-element_type=\"container\">\n\t\t\t\t<div class=\"elementor-element elementor-element-0dd4a85 elementor-widget elementor-widget-text-editor\" data-id=\"0dd4a85\" data-element_type=\"widget\" data-widget_type=\"text-editor.default\">\n\t\t\t\t<div class=\"elementor-widget-container\">\n\t\t\t\t\t\t\t\t\t<p class=\"p-intro\"><span style=\"color: #333333; font-family: sofia-pro, Arial; text-align: center;\">Clearcoating soll Pommes frites knusprig halten und die Haltbarkeit verl\u00e4ngern. Clearcoats werden h\u00e4ufig f\u00fcr Produkte der Systemgastronomie verwendet, aber auch Produkte f\u00fcr die Hei\u00dfluftfriteuse werden mit einem Clearcoating versehen.<\/span><\/p>\t\t\t\t\t\t\t\t<\/div>\n\t\t\t\t<\/div>\n\t\t\t\t<\/div>\n\t\t\t\t\t<\/div>\n\t\t\t\t<\/div>\n\t\t<div class=\"elementor-element elementor-element-ea59da0 e-flex e-con-boxed e-con e-parent\" data-id=\"ea59da0\" data-element_type=\"container\" data-settings=\"{&quot;background_background&quot;:&quot;gradient&quot;}\">\n\t\t\t\t\t<div class=\"e-con-inner\">\n\t\t<div class=\"elementor-element elementor-element-2bf46fa e-con-full e-flex e-con e-child\" data-id=\"2bf46fa\" data-element_type=\"container\">\n\t\t\t\t<div class=\"elementor-element elementor-element-c0e9363 elementor-widget elementor-widget-heading\" data-id=\"c0e9363\" data-element_type=\"widget\" data-widget_type=\"heading.default\">\n\t\t\t\t<div class=\"elementor-widget-container\">\n\t\t\t\t\t<h2 class=\"elementor-heading-title elementor-size-default\">Industrielle Produktionslinie f\u00fcr Pommes frites mit Clearcoating\n<\/h2>\t\t\t\t<\/div>\n\t\t\t\t<\/div>\n\t\t\t\t<div class=\"elementor-element elementor-element-558c6da elementor-widget elementor-widget-text-editor\" data-id=\"558c6da\" data-element_type=\"widget\" data-widget_type=\"text-editor.default\">\n\t\t\t\t<div class=\"elementor-widget-container\">\n\t\t\t\t\t\t\t\t\t<p>Die Kapazit\u00e4ten der Pommes-Frites-Verarbeitungslinien steigen. 25 Tonnen\/Std. sind keine Seltenheit mehr. Auch die Marktnachfrage nach Produkten mit Coating ist in den letzten Jahren gestiegen.<\/p><p>Ein vollautomatisches System, das Produkte von gleichbleibender Qualit\u00e4t herstellt, ist ein Muss. Produktionslinien laufen fast ohne Bedienungspersonal<\/p><p>Die Zubereitung von Clearcoating in gleichbleibender Qualit\u00e4t kann mit der Batterline erreicht werden.<\/p>\t\t\t\t\t\t\t\t<\/div>\n\t\t\t\t<\/div>\n\t\t\t\t<\/div>\n\t\t\t\t\t<\/div>\n\t\t\t\t<\/div>\n\t\t<div class=\"elementor-element elementor-element-f2311f1 e-flex e-con-boxed e-con e-parent\" data-id=\"f2311f1\" data-element_type=\"container\">\n\t\t\t\t\t<div class=\"e-con-inner\">\n\t\t<div class=\"elementor-element elementor-element-eb1a32f e-con-full e-flex e-con e-child\" data-id=\"eb1a32f\" data-element_type=\"container\">\n\t\t\t\t<div class=\"elementor-element elementor-element-8da3f6e elementor-widget elementor-widget-image\" data-id=\"8da3f6e\" data-element_type=\"widget\" data-widget_type=\"image.default\">\n\t\t\t\t<div class=\"elementor-widget-container\">\n\t\t\t\t\t\t\t\t\t\t\t\t\t\t\t<img decoding=\"async\" width=\"1257\" height=\"1051\" src=\"https:\/\/gpi-degouwe.com\/wp-content\/uploads\/2024\/12\/still-03-e1542274048321.jpg\" class=\"attachment-full size-full wp-image-6767\" alt=\"Batter Coating Preparation System\" srcset=\"https:\/\/gpi-degouwe.com\/wp-content\/uploads\/2024\/12\/still-03-e1542274048321.jpg 1257w, https:\/\/gpi-degouwe.com\/wp-content\/uploads\/2024\/12\/still-03-e1542274048321-300x251.jpg 300w, https:\/\/gpi-degouwe.com\/wp-content\/uploads\/2024\/12\/still-03-e1542274048321-1024x856.jpg 1024w, https:\/\/gpi-degouwe.com\/wp-content\/uploads\/2024\/12\/still-03-e1542274048321-768x642.jpg 768w\" sizes=\"(max-width: 1257px) 100vw, 1257px\" title=\"by Gpi De Gouwe\">\t\t\t\t\t\t\t\t\t\t\t\t\t\t\t<\/div>\n\t\t\t\t<\/div>\n\t\t\t\t<\/div>\n\t\t<div class=\"elementor-element elementor-element-0c941e9 e-con-full e-flex e-con e-child\" data-id=\"0c941e9\" data-element_type=\"container\">\n\t\t\t\t<div class=\"elementor-element elementor-element-b7b2095 elementor-widget elementor-widget-heading\" data-id=\"b7b2095\" data-element_type=\"widget\" data-widget_type=\"heading.default\">\n\t\t\t\t<div class=\"elementor-widget-container\">\n\t\t\t\t\t<h2 class=\"elementor-heading-title elementor-size-default\">Warum das Batterline Panade\/Coating-Zurbereitungssystem verwenden?<\/h2>\t\t\t\t<\/div>\n\t\t\t\t<\/div>\n\t\t\t\t<div class=\"elementor-element elementor-element-f5e6695 elementor-widget elementor-widget-text-editor\" data-id=\"f5e6695\" data-element_type=\"widget\" data-widget_type=\"text-editor.default\">\n\t\t\t\t<div class=\"elementor-widget-container\">\n\t\t\t\t\t\t\t\t\t<p>Die Batterline ist ein System f\u00fcr die kontinuierliche Zubereitung von Clearcoating in gro\u00dfen Mengen, wie es typischerweise in der kartoffelverarbeitenden Industrie vorkommt.\u00a0Die fl\u00fcssige Panade wird mit einem Applikator aufgetragen, wobei die Produkte mit einer d\u00fcnnen Schicht bestrichen werden, bevor sie im Ofen gebacken werden. Diese \u201ePanade\u201c oder \u201eCoating\u201c dient dazu, dem Produkt bestimmte zus\u00e4tzliche Eigenschaften zu verleihen, wie z.B. \u201eBite\u201c (Knusprigkeit), Farbe oder Aromen.<\/p><p>Die Batterline kann auch in anderen Industriezweigen eingesetzt werden, in denen Produkte auf kontinuierlicher Basis mit Panade versehen werden, wie z.B. in der Fleisch- oder Fischverarbeitungsindustrie.<\/p>\t\t\t\t\t\t\t\t<\/div>\n\t\t\t\t<\/div>\n\t\t\t\t<\/div>\n\t\t\t\t\t<\/div>\n\t\t\t\t<\/div>\n\t\t<div class=\"elementor-element elementor-element-81d5692 e-flex e-con-boxed e-con e-parent\" data-id=\"81d5692\" data-element_type=\"container\">\n\t\t\t\t\t<div class=\"e-con-inner\">\n\t\t<div class=\"elementor-element elementor-element-58b6f96 e-con-full e-flex e-con e-child\" data-id=\"58b6f96\" data-element_type=\"container\">\n\t\t\t\t<div class=\"elementor-element elementor-element-f44c0db elementor-widget elementor-widget-overlap-cta\" data-id=\"f44c0db\" data-element_type=\"widget\" data-widget_type=\"overlap-cta.default\">\n\t\t\t\t<div class=\"elementor-widget-container\">\n\t\t\t\t\t<div class=\"overlap-cta center order-\">\n    <div class=\"overlap-cta-content\">\n                    <h2>Unsere Experten helfen Ihnen gerne weiter!<\/h2>\n        \n                    <p>Haben Sie eine Frage zu unseren Produkten? Sind Sie neugierig auf die L\u00f6sungen, die wir anbieten, oder m\u00f6chten Sie sofort ein Angebot anfordern? Wir helfen Ihnen gerne weiter.<\/p>\n        \n        \t\t\t<div class=\"gpi-button white\">\n\t\t\t\t<a href=\"https:\/\/gpi-degouwe.com\/contact\/\">\n\t\t\t\t\t<span>Angebot anfragen<\/span>\n\n\t\t\t\t\t<!-- Icon -->\n\t\t\t\t\t<div class=\"gpi-button-icon\">\n\t\t\t\t\t\t<svg width=\"17\" height=\"16\" viewBox=\"0 0 17 16\" fill=\"none\" xmlns=\"http:\/\/www.w3.org\/2000\/svg\" class=\"inner-arrow\">\n\t\t\t\t\t\t\t<path d=\"M8.60352 0L7.19352 1.41L12.7735 7H0.603516V9H12.7735L7.19352 14.59L8.60352 16L16.6035 8L8.60352 0Z\" fill=\"#00A799\"\/>\n\t\t\t\t\t\t<\/svg>\n\n\t\t\t\t\t\t<svg width=\"52\" height=\"52\" class=\"outer-circle\">\n\t\t\t\t\t\t\t<circle cx=\"26\" cy=\"26\" r=\"24\" stroke=\"#e1e1e1\" stroke-width=\"1\" fill-opacity=\"0\"><\/circle>\n\t\t\t\t\t\t\t<circle class=\"circle\" cx=\"26\" cy=\"26\" r=\"24\" stroke=\"#00a799\" fill=\"#fff\" stroke-width=\"3\"><\/circle>\n\t\t\t\t\t\t<\/svg>\n\t\t\t\t\t<\/div>\n\t\t\t\t<\/a>\n\t\t\t<\/div>\n            <\/div>\n\n    <div class=\"overlap-cta-image\"><\/div>\n<\/div>\t\t\t\t<\/div>\n\t\t\t\t<\/div>\n\t\t\t\t<\/div>\n\t\t\t\t\t<\/div>\n\t\t\t\t<\/div>\n\t\t\t\t<\/div>\n\t\t","protected":false},"excerpt":{"rendered":"<p>Home Clearcoating f\u00fcr Pommes Frites Clearcoating soll Pommes frites knusprig halten und die Haltbarkeit verl\u00e4ngern. Clearcoats werden h\u00e4ufig f\u00fcr Produkte der Systemgastronomie verwendet, aber auch Produkte f\u00fcr die Hei\u00dfluftfriteuse werden mit einem Clearcoating versehen. Industrielle Produktionslinie f\u00fcr Pommes frites mit Clearcoating Die Kapazit\u00e4ten der Pommes-Frites-Verarbeitungslinien steigen. 25 Tonnen\/Std. sind keine Seltenheit mehr. Auch die Marktnachfrage [&hellip;]<\/p>\n","protected":false},"author":5,"featured_media":0,"parent":0,"menu_order":0,"comment_status":"closed","ping_status":"closed","template":"elementor_header_footer","meta":{"_acf_changed":false,"rank_math_title":"","rank_math_description":"","rank_math_focus_keyword":"Clearcoating","footnotes":""},"class_list":["post-6796","page","type-page","status-publish","hentry"],"acf":[],"_links":{"self":[{"href":"https:\/\/gpi-degouwe.com\/de\/wp-json\/wp\/v2\/pages\/6796","targetHints":{"allow":["GET"]}}],"collection":[{"href":"https:\/\/gpi-degouwe.com\/de\/wp-json\/wp\/v2\/pages"}],"about":[{"href":"https:\/\/gpi-degouwe.com\/de\/wp-json\/wp\/v2\/types\/page"}],"author":[{"embeddable":true,"href":"https:\/\/gpi-degouwe.com\/de\/wp-json\/wp\/v2\/users\/5"}],"replies":[{"embeddable":true,"href":"https:\/\/gpi-degouwe.com\/de\/wp-json\/wp\/v2\/comments?post=6796"}],"version-history":[{"count":16,"href":"https:\/\/gpi-degouwe.com\/de\/wp-json\/wp\/v2\/pages\/6796\/revisions"}],"predecessor-version":[{"id":7164,"href":"https:\/\/gpi-degouwe.com\/de\/wp-json\/wp\/v2\/pages\/6796\/revisions\/7164"}],"wp:attachment":[{"href":"https:\/\/gpi-degouwe.com\/de\/wp-json\/wp\/v2\/media?parent=6796"}],"curies":[{"name":"wp","href":"https:\/\/api.w.org\/{rel}","templated":true}]}}