{"id":6654,"date":"2025-01-02T14:20:48","date_gmt":"2025-01-02T14:20:48","guid":{"rendered":"https:\/\/gpi-degouwe.com\/?page_id=6654"},"modified":"2025-03-20T14:45:35","modified_gmt":"2025-03-20T14:45:35","slug":"inline-heating-of-hummus","status":"publish","type":"page","link":"https:\/\/gpi-degouwe.com\/de\/inline-heating-of-hummus\/","title":{"rendered":"Inline-Erhitzen von Hummus"},"content":{"rendered":"\t\t<div data-elementor-type=\"wp-page\" data-elementor-id=\"6654\" class=\"elementor elementor-6654 elementor-6648\" data-elementor-post-type=\"page\">\n\t\t\t\t<div class=\"elementor-element elementor-element-c75f7da e-con-full e-flex e-con e-parent\" data-id=\"c75f7da\" data-element_type=\"container\" data-settings=\"{&quot;background_background&quot;:&quot;gradient&quot;}\">\n\t\t\t\t<div class=\"elementor-element elementor-element-24600c2 elementor-widget elementor-widget-brandbox\" data-id=\"24600c2\" data-element_type=\"widget\" data-widget_type=\"brandbox.default\">\n\t\t\t\t<div class=\"elementor-widget-container\">\n\t\t\t\t\t<div class=\"brandbox\">\n\t<div class=\"brandbox-content\">\n\t\t\t\t\n\t\t\t\t\t<h1 class=\"brandbox-title\">Inline-Erhitzen von Hummus<\/h1>\n\t\t\n\t\t\t<\/div>\n\n\t<div class=\"brandbox-media\">\n\t\t\t\t\t<img fetchpriority=\"high\" decoding=\"async\" width=\"2048\" height=\"1366\" src=\"https:\/\/gpi-degouwe.com\/wp-content\/uploads\/2024\/12\/hummus-horizontal-jpg-1525126330-2048x1366-1.jpg\" class=\"attachment-full size-full\" alt=\"Hummus\" srcset=\"https:\/\/gpi-degouwe.com\/wp-content\/uploads\/2024\/12\/hummus-horizontal-jpg-1525126330-2048x1366-1.jpg 2048w, https:\/\/gpi-degouwe.com\/wp-content\/uploads\/2024\/12\/hummus-horizontal-jpg-1525126330-2048x1366-1-300x200.jpg 300w, https:\/\/gpi-degouwe.com\/wp-content\/uploads\/2024\/12\/hummus-horizontal-jpg-1525126330-2048x1366-1-1024x683.jpg 1024w, https:\/\/gpi-degouwe.com\/wp-content\/uploads\/2024\/12\/hummus-horizontal-jpg-1525126330-2048x1366-1-768x512.jpg 768w, https:\/\/gpi-degouwe.com\/wp-content\/uploads\/2024\/12\/hummus-horizontal-jpg-1525126330-2048x1366-1-1536x1025.jpg 1536w\" sizes=\"(max-width: 2048px) 100vw, 2048px\" title=\"by Gpi De Gouwe\">\t\t\t<\/div> \n<\/div>\n\n\t\t\t\t<\/div>\n\t\t\t\t<\/div>\n\t\t\t\t<\/div>\n\t\t<div class=\"elementor-element elementor-element-da92388 e-flex e-con-boxed e-con e-parent\" data-id=\"da92388\" data-element_type=\"container\" data-settings=\"{&quot;background_background&quot;:&quot;gradient&quot;}\">\n\t\t\t\t\t<div class=\"e-con-inner\">\n\t\t<div class=\"elementor-element elementor-element-ce1ffee e-con-full e-flex e-con e-child\" data-id=\"ce1ffee\" data-element_type=\"container\">\n\t\t\t\t<div class=\"elementor-element elementor-element-0dd4a85 elementor-widget elementor-widget-text-editor\" data-id=\"0dd4a85\" data-element_type=\"widget\" data-widget_type=\"text-editor.default\">\n\t\t\t\t<div class=\"elementor-widget-container\">\n\t\t\t\t\t\t\t\t\t<p class=\"p-intro\">Hummus, der gesunde Dip\/Brotaufstrich aus dem Nahen Osten. Inzwischen ist er auch in der \u00fcbrigen Welt sehr beliebt.<\/p>\t\t\t\t\t\t\t\t<\/div>\n\t\t\t\t<\/div>\n\t\t\t\t<\/div>\n\t\t\t\t\t<\/div>\n\t\t\t\t<\/div>\n\t\t<div class=\"elementor-element elementor-element-ea59da0 e-flex e-con-boxed e-con e-parent\" data-id=\"ea59da0\" data-element_type=\"container\" data-settings=\"{&quot;background_background&quot;:&quot;gradient&quot;}\">\n\t\t\t\t\t<div class=\"e-con-inner\">\n\t\t<div class=\"elementor-element elementor-element-2bf46fa e-con-full e-flex e-con e-child\" data-id=\"2bf46fa\" data-element_type=\"container\">\n\t\t\t\t<div class=\"elementor-element elementor-element-c0e9363 elementor-widget elementor-widget-heading\" data-id=\"c0e9363\" data-element_type=\"widget\" data-widget_type=\"heading.default\">\n\t\t\t\t<div class=\"elementor-widget-container\">\n\t\t\t\t\t<h2 class=\"elementor-heading-title elementor-size-default\">Industrielle Produktionslinie f\u00fcr Hummus<\/h2>\t\t\t\t<\/div>\n\t\t\t\t<\/div>\n\t\t\t\t<div class=\"elementor-element elementor-element-558c6da elementor-widget elementor-widget-text-editor\" data-id=\"558c6da\" data-element_type=\"widget\" data-widget_type=\"text-editor.default\">\n\t\t\t\t<div class=\"elementor-widget-container\">\n\t\t\t\t\t\t\t\t\t<p>Hummus, das aus Kichererbsen hergestellt wird, besteht in der Regel aus p\u00fcrierten Kichererbsen, Tahini-Paste (aus Sesamsamen), Knoblauch und Oliven\u00f6l.<\/p><p>Um die Haltbarkeit von Hummus zu verl\u00e4ngern, muss er pasteurisiert werden. Bei einer kontinuierlichen Hummus-Herstellungsstra\u00dfe wird dies in der Regel in einem W\u00e4rmetauscher durchgef\u00fchrt, der mit einem kontinuierlichen Produktstrom gespeist wird. Manchmal muss der Hummus jedoch nicht pasteurisiert (bei etwa 85\u00b0C), sondern lediglich erhitzt werden, um die weitere Verarbeitung zu erm\u00f6glichen.<\/p><p>Bei hochviskosen Fl\u00fcssigkeiten wie Hummus kann ein geschabter <a href=\"https:\/\/gpi-degouwe.com\/de\/produkte\/schabewaermetauscher\/\">Oberfl\u00e4chen-W\u00e4rmetauscher<\/a> verwendet werden.<\/p>\t\t\t\t\t\t\t\t<\/div>\n\t\t\t\t<\/div>\n\t\t\t\t<\/div>\n\t\t\t\t\t<\/div>\n\t\t\t\t<\/div>\n\t\t<div class=\"elementor-element elementor-element-f2311f1 e-flex e-con-boxed e-con e-parent\" data-id=\"f2311f1\" data-element_type=\"container\">\n\t\t\t\t\t<div class=\"e-con-inner\">\n\t\t<div class=\"elementor-element elementor-element-eb1a32f e-con-full e-flex e-con e-child\" data-id=\"eb1a32f\" data-element_type=\"container\">\n\t\t\t\t<div class=\"elementor-element elementor-element-8da3f6e elementor-widget elementor-widget-image\" data-id=\"8da3f6e\" data-element_type=\"widget\" data-widget_type=\"image.default\">\n\t\t\t\t<div class=\"elementor-widget-container\">\n\t\t\t\t\t\t\t\t\t\t\t\t\t\t\t<img decoding=\"async\" width=\"1664\" height=\"987\" src=\"https:\/\/gpi-degouwe.com\/wp-content\/uploads\/2024\/10\/werken-bij-Gpi-kantoor-2.jpg\" class=\"attachment-full size-full wp-image-4837\" alt=\"werken bij Gpi - kantoor 2\" srcset=\"https:\/\/gpi-degouwe.com\/wp-content\/uploads\/2024\/10\/werken-bij-Gpi-kantoor-2.jpg 1664w, https:\/\/gpi-degouwe.com\/wp-content\/uploads\/2024\/10\/werken-bij-Gpi-kantoor-2-300x178.jpg 300w, https:\/\/gpi-degouwe.com\/wp-content\/uploads\/2024\/10\/werken-bij-Gpi-kantoor-2-1024x607.jpg 1024w, https:\/\/gpi-degouwe.com\/wp-content\/uploads\/2024\/10\/werken-bij-Gpi-kantoor-2-768x456.jpg 768w, https:\/\/gpi-degouwe.com\/wp-content\/uploads\/2024\/10\/werken-bij-Gpi-kantoor-2-1536x911.jpg 1536w\" sizes=\"(max-width: 1664px) 100vw, 1664px\" title=\"by Gpi De Gouwe\">\t\t\t\t\t\t\t\t\t\t\t\t\t\t\t<\/div>\n\t\t\t\t<\/div>\n\t\t\t\t<\/div>\n\t\t<div class=\"elementor-element elementor-element-0c941e9 e-con-full e-flex e-con e-child\" data-id=\"0c941e9\" data-element_type=\"container\">\n\t\t\t\t<div class=\"elementor-element elementor-element-b7b2095 elementor-widget elementor-widget-heading\" data-id=\"b7b2095\" data-element_type=\"widget\" data-widget_type=\"heading.default\">\n\t\t\t\t<div class=\"elementor-widget-container\">\n\t\t\t\t\t<h2 class=\"elementor-heading-title elementor-size-default\">Warum einen Schabew\u00e4rmetauscher verwenden?<\/h2>\t\t\t\t<\/div>\n\t\t\t\t<\/div>\n\t\t\t\t<div class=\"elementor-element elementor-element-f5e6695 elementor-widget elementor-widget-text-editor\" data-id=\"f5e6695\" data-element_type=\"widget\" data-widget_type=\"text-editor.default\">\n\t\t\t\t<div class=\"elementor-widget-container\">\n\t\t\t\t\t\t\t\t\t<p>Die Anforderungen heutiger Produktionslinien sind hoch. Produktionslinien laufen rund um die Uhr und die Kapazit\u00e4ten der Hummuslinien sind h\u00f6her als je zuvor.<\/p><p>Kunden aus aller Welt verwenden den Kelstream Schabew\u00e4rmetauscher f\u00fcr die Inline-Erhitzung von Hummus.<\/p><p>Der Kelstream Schabew\u00e4rmetauscher ist ein vertikaler W\u00e4rmetauscher, der f\u00fcr die Inline-Erhitzung und\/oder -K\u00fchlung von mittel- bis hochviskosen Produkten wie Hummus eingesetzt wird.<\/p><p>Der Kelstream ist in einer Modellreihe von 0,5 m\u00b2 bis einschlie\u00dflich 7,0 m\u00b2 f\u00fcr Kapazit\u00e4ten von 50 kg\/h bis zu einer Kapazit\u00e4t von 10.000 kg\/h pro Ger\u00e4t erh\u00e4ltlich.<\/p><p>Vorteile des Kelstream Schabew\u00e4rmetauschers sind:<\/p><ul><li>Zwei konzentrische Austauschfl\u00e4chen f\u00fcr eine effiziente W\u00e4rme\u00fcbertragung<\/li><li>Effiziente W\u00e4rme\u00fcbertragung durch kontinuierliches Schaben der gesamten Oberfl\u00e4che<\/li><li>Gro\u00dfe Heizfl\u00e4che pro Ger\u00e4t auf einer kleinen Stellfl\u00e4che<\/li><\/ul>\t\t\t\t\t\t\t\t<\/div>\n\t\t\t\t<\/div>\n\t\t\t\t<\/div>\n\t\t\t\t\t<\/div>\n\t\t\t\t<\/div>\n\t\t<div class=\"elementor-element elementor-element-81d5692 e-flex e-con-boxed e-con e-parent\" data-id=\"81d5692\" data-element_type=\"container\">\n\t\t\t\t\t<div class=\"e-con-inner\">\n\t\t<div class=\"elementor-element elementor-element-58b6f96 e-con-full e-flex e-con e-child\" data-id=\"58b6f96\" data-element_type=\"container\">\n\t\t\t\t<div class=\"elementor-element elementor-element-f44c0db elementor-widget elementor-widget-overlap-cta\" data-id=\"f44c0db\" data-element_type=\"widget\" data-widget_type=\"overlap-cta.default\">\n\t\t\t\t<div class=\"elementor-widget-container\">\n\t\t\t\t\t<div class=\"overlap-cta center order-\">\n    <div class=\"overlap-cta-content\">\n                    <h2>Unsere Experten helfen Ihnen gerne weiter!<\/h2>\n        \n                    <p>Haben Sie eine Frage zu unseren Produkten? Sind Sie neugierig auf die L\u00f6sungen, die wir anbieten, oder m\u00f6chten Sie sofort ein Angebot anfordern? Wir helfen Ihnen gerne weiter.<\/p>\n        \n        \t\t\t<div class=\"gpi-button white\">\n\t\t\t\t<a href=\"https:\/\/gpi-degouwe.com\/contact\/\">\n\t\t\t\t\t<span>Angebot anfragen<\/span>\n\n\t\t\t\t\t<!-- Icon -->\n\t\t\t\t\t<div class=\"gpi-button-icon\">\n\t\t\t\t\t\t<svg width=\"17\" height=\"16\" viewBox=\"0 0 17 16\" fill=\"none\" xmlns=\"http:\/\/www.w3.org\/2000\/svg\" class=\"inner-arrow\">\n\t\t\t\t\t\t\t<path d=\"M8.60352 0L7.19352 1.41L12.7735 7H0.603516V9H12.7735L7.19352 14.59L8.60352 16L16.6035 8L8.60352 0Z\" fill=\"#00A799\"\/>\n\t\t\t\t\t\t<\/svg>\n\n\t\t\t\t\t\t<svg width=\"52\" height=\"52\" class=\"outer-circle\">\n\t\t\t\t\t\t\t<circle cx=\"26\" cy=\"26\" r=\"24\" stroke=\"#e1e1e1\" stroke-width=\"1\" fill-opacity=\"0\"><\/circle>\n\t\t\t\t\t\t\t<circle class=\"circle\" cx=\"26\" cy=\"26\" r=\"24\" stroke=\"#00a799\" fill=\"#fff\" stroke-width=\"3\"><\/circle>\n\t\t\t\t\t\t<\/svg>\n\t\t\t\t\t<\/div>\n\t\t\t\t<\/a>\n\t\t\t<\/div>\n            <\/div>\n\n    <div class=\"overlap-cta-image\"><\/div>\n<\/div>\t\t\t\t<\/div>\n\t\t\t\t<\/div>\n\t\t\t\t<\/div>\n\t\t\t\t\t<\/div>\n\t\t\t\t<\/div>\n\t\t\t\t<\/div>\n\t\t","protected":false},"excerpt":{"rendered":"<p>Home Inline-Erhitzen von Hummus Hummus, der gesunde Dip\/Brotaufstrich aus dem Nahen Osten. Inzwischen ist er auch in der \u00fcbrigen Welt sehr beliebt. Industrielle Produktionslinie f\u00fcr Hummus Hummus, das aus Kichererbsen hergestellt wird, besteht in der Regel aus p\u00fcrierten Kichererbsen, Tahini-Paste (aus Sesamsamen), Knoblauch und Oliven\u00f6l. Um die Haltbarkeit von Hummus zu verl\u00e4ngern, muss er pasteurisiert [&hellip;]<\/p>\n","protected":false},"author":5,"featured_media":0,"parent":0,"menu_order":0,"comment_status":"closed","ping_status":"closed","template":"elementor_header_footer","meta":{"_acf_changed":false,"rank_math_title":"","rank_math_description":"","rank_math_focus_keyword":"Inline-Erhitzen","footnotes":""},"class_list":["post-6654","page","type-page","status-publish","hentry"],"acf":[],"_links":{"self":[{"href":"https:\/\/gpi-degouwe.com\/de\/wp-json\/wp\/v2\/pages\/6654","targetHints":{"allow":["GET"]}}],"collection":[{"href":"https:\/\/gpi-degouwe.com\/de\/wp-json\/wp\/v2\/pages"}],"about":[{"href":"https:\/\/gpi-degouwe.com\/de\/wp-json\/wp\/v2\/types\/page"}],"author":[{"embeddable":true,"href":"https:\/\/gpi-degouwe.com\/de\/wp-json\/wp\/v2\/users\/5"}],"replies":[{"embeddable":true,"href":"https:\/\/gpi-degouwe.com\/de\/wp-json\/wp\/v2\/comments?post=6654"}],"version-history":[{"count":11,"href":"https:\/\/gpi-degouwe.com\/de\/wp-json\/wp\/v2\/pages\/6654\/revisions"}],"predecessor-version":[{"id":7161,"href":"https:\/\/gpi-degouwe.com\/de\/wp-json\/wp\/v2\/pages\/6654\/revisions\/7161"}],"wp:attachment":[{"href":"https:\/\/gpi-degouwe.com\/de\/wp-json\/wp\/v2\/media?parent=6654"}],"curies":[{"name":"wp","href":"https:\/\/api.w.org\/{rel}","templated":true}]}}