{"id":5690,"date":"2024-08-15T11:43:07","date_gmt":"2024-08-15T11:43:07","guid":{"rendered":"https:\/\/gpi-degouwe.com\/impressum\/"},"modified":"2025-03-20T14:43:04","modified_gmt":"2025-03-20T14:43:04","slug":"impressum","status":"publish","type":"page","link":"https:\/\/gpi-degouwe.com\/de\/impressum\/","title":{"rendered":"Impressum"},"content":{"rendered":"\t\t<div data-elementor-type=\"wp-page\" data-elementor-id=\"5690\" class=\"elementor elementor-5690 elementor-2025\" data-elementor-post-type=\"page\">\n\t\t\t\t<div class=\"elementor-element elementor-element-86e8434 e-flex e-con-boxed e-con e-parent\" data-id=\"86e8434\" data-element_type=\"container\" data-settings=\"{&quot;background_background&quot;:&quot;classic&quot;}\">\n\t\t\t\t\t<div class=\"e-con-inner\">\n\t\t<div class=\"elementor-element elementor-element-f185d96 e-con-full e-flex e-con e-child\" data-id=\"f185d96\" data-element_type=\"container\">\n\t\t\t\t<div class=\"elementor-element elementor-element-aca9dd5 elementor-widget elementor-widget-heading\" data-id=\"aca9dd5\" data-element_type=\"widget\" data-widget_type=\"heading.default\">\n\t\t\t\t<div class=\"elementor-widget-container\">\n\t\t\t\t\t<h1 class=\"elementor-heading-title elementor-size-default\">Impressum<\/h1>\t\t\t\t<\/div>\n\t\t\t\t<\/div>\n\t\t\t\t<\/div>\n\t\t\t\t\t<\/div>\n\t\t\t\t<\/div>\n\t\t<div class=\"elementor-element elementor-element-718108f e-flex e-con-boxed e-con e-parent\" data-id=\"718108f\" data-element_type=\"container\">\n\t\t\t\t\t<div class=\"e-con-inner\">\n\t\t<div class=\"elementor-element elementor-element-27e3a90 e-con-full e-flex e-con e-child\" data-id=\"27e3a90\" data-element_type=\"container\">\n\t\t\t\t<div class=\"elementor-element elementor-element-a45425d elementor-widget elementor-widget-text-editor\" data-id=\"a45425d\" data-element_type=\"widget\" data-widget_type=\"text-editor.default\">\n\t\t\t\t<div class=\"elementor-widget-container\">\n\t\t\t\t\t\t\t\t\t<h2><strong>GPI De Gouwe B.V.<br \/><\/strong><\/h2>\n<p class=\"pr\">Goudkade 8<br \/>2802 AA Gouda<br \/>Netherlands<\/p>\n<h2><strong>Kontakt<\/strong><\/h2>\n<p>Telefon: +31 (0)182 513644<br \/>E-mail:<a class=\"phone\" href=\"mailto:info@gpi-degouwe.com\"> info@gpi-degouwe.com<\/a><\/p>\n<h2><strong>Gesch\u00e4ftsf\u00fchrung:<\/strong><\/h2>\n<p>Fred Boere (CEO), Arno Rodenburg (COO)<\/p>\n<h2><strong>Registrierung:<\/strong><\/h2>\n<p><strong>Gpi De Gouwe B.V.<\/strong><\/p>\n<p><strong>Niederl\u00e4ndische Handelskammer:<\/strong> 24404648<br \/><strong>USt-IdNr.:<\/strong> NL8177.10.486.B01<br \/><strong>IBAN:<\/strong> NL26RABO0342296000<br \/><strong>BIC\/SWIFT:<\/strong> RABONL2U<\/p>\n\t\t\t\t\t\t\t\t<\/div>\n\t\t\t\t<\/div>\n\t\t\t\t<\/div>\n\t\t\t\t\t<\/div>\n\t\t\t\t<\/div>\n\t\t\t\t<\/div>\n\t\t","protected":false},"excerpt":{"rendered":"<p>Impressum GPI De Gouwe B.V. Goudkade 82802 AA GoudaNetherlands Kontakt Telefon: +31 (0)182 513644E-mail: info@gpi-degouwe.com Gesch\u00e4ftsf\u00fchrung: Fred Boere (CEO), Arno Rodenburg (COO) Registrierung: Gpi De Gouwe B.V. Niederl\u00e4ndische Handelskammer: 24404648USt-IdNr.: NL8177.10.486.B01IBAN: NL26RABO0342296000BIC\/SWIFT: RABONL2U<\/p>\n","protected":false},"author":1,"featured_media":0,"parent":0,"menu_order":0,"comment_status":"closed","ping_status":"closed","template":"elementor_header_footer","meta":{"_acf_changed":false,"rank_math_title":"Hier finden Sie das Impressum von Gpi De Gouwe","rank_math_description":"Alle wichtigen Unternehmensangaben und Kontaktinformationen von Gpi De Gouwe im Impressum. Jetzt informieren \u00bb","rank_math_focus_keyword":"Impressum","footnotes":""},"class_list":["post-5690","page","type-page","status-publish","hentry"],"acf":[],"_links":{"self":[{"href":"https:\/\/gpi-degouwe.com\/de\/wp-json\/wp\/v2\/pages\/5690","targetHints":{"allow":["GET"]}}],"collection":[{"href":"https:\/\/gpi-degouwe.com\/de\/wp-json\/wp\/v2\/pages"}],"about":[{"href":"https:\/\/gpi-degouwe.com\/de\/wp-json\/wp\/v2\/types\/page"}],"author":[{"embeddable":true,"href":"https:\/\/gpi-degouwe.com\/de\/wp-json\/wp\/v2\/users\/1"}],"replies":[{"embeddable":true,"href":"https:\/\/gpi-degouwe.com\/de\/wp-json\/wp\/v2\/comments?post=5690"}],"version-history":[{"count":1,"href":"https:\/\/gpi-degouwe.com\/de\/wp-json\/wp\/v2\/pages\/5690\/revisions"}],"predecessor-version":[{"id":5691,"href":"https:\/\/gpi-degouwe.com\/de\/wp-json\/wp\/v2\/pages\/5690\/revisions\/5691"}],"wp:attachment":[{"href":"https:\/\/gpi-degouwe.com\/de\/wp-json\/wp\/v2\/media?parent=5690"}],"curies":[{"name":"wp","href":"https:\/\/api.w.org\/{rel}","templated":true}]}}