{"id":1976,"date":"2024-06-19T08:52:32","date_gmt":"2024-06-19T08:52:32","guid":{"rendered":"https:\/\/gpi-degouwe.com\/unsere-partner\/"},"modified":"2025-03-20T14:55:35","modified_gmt":"2025-03-20T14:55:35","slug":"unsere-partner","status":"publish","type":"page","link":"https:\/\/gpi-degouwe.com\/de\/unsere-partner\/","title":{"rendered":"Unsere Partner"},"content":{"rendered":"\t\t<div data-elementor-type=\"wp-page\" data-elementor-id=\"1976\" class=\"elementor elementor-1976 elementor-523\" data-elementor-post-type=\"page\">\n\t\t\t\t<div class=\"elementor-element elementor-element-bc26b2e e-con-full e-flex e-con e-parent\" data-id=\"bc26b2e\" data-element_type=\"container\">\n\t\t\t\t<div class=\"elementor-element elementor-element-c111122 elementor-widget elementor-widget-brandbox\" data-id=\"c111122\" data-element_type=\"widget\" data-widget_type=\"brandbox.default\">\n\t\t\t\t<div class=\"elementor-widget-container\">\n\t\t\t\t\t<div class=\"brandbox\">\n\t<div class=\"brandbox-content\">\n\t\t\t\t\n\t\t\t\t\t<h1 class=\"brandbox-title\">Unsere Partner<\/h1>\n\t\t\n\t\t\t\t\t<span class=\"brandbox-subtitle\">Wir arbeiten gerne zusammen, um die besten Ergebnisse zu erzielen<\/span>\n\t\t\t<\/div>\n\n\t<div class=\"brandbox-media\">\n\t\t\t\t\t<img fetchpriority=\"high\" decoding=\"async\" width=\"2100\" height=\"1400\" src=\"https:\/\/gpi-degouwe.com\/wp-content\/uploads\/2024\/07\/MG_1706.jpg\" class=\"attachment-full size-full\" alt=\"Zubereitungssysteem f\u00fcr Nasspanade\" srcset=\"https:\/\/gpi-degouwe.com\/wp-content\/uploads\/2024\/07\/MG_1706.jpg 2100w, https:\/\/gpi-degouwe.com\/wp-content\/uploads\/2024\/07\/MG_1706-300x200.jpg 300w, https:\/\/gpi-degouwe.com\/wp-content\/uploads\/2024\/07\/MG_1706-1024x683.jpg 1024w, https:\/\/gpi-degouwe.com\/wp-content\/uploads\/2024\/07\/MG_1706-768x512.jpg 768w, https:\/\/gpi-degouwe.com\/wp-content\/uploads\/2024\/07\/MG_1706-1536x1024.jpg 1536w, https:\/\/gpi-degouwe.com\/wp-content\/uploads\/2024\/07\/MG_1706-2048x1365.jpg 2048w\" sizes=\"(max-width: 2100px) 100vw, 2100px\" title=\"by Gpi De Gouwe\">\t\t\t<\/div> \n<\/div>\n\n\t\t\t\t<\/div>\n\t\t\t\t<\/div>\n\t\t\t\t<\/div>\n\t\t<div class=\"elementor-element elementor-element-f640b88 e-flex e-con-boxed e-con e-parent\" data-id=\"f640b88\" data-element_type=\"container\" data-settings=\"{&quot;background_background&quot;:&quot;classic&quot;}\">\n\t\t\t\t\t<div class=\"e-con-inner\">\n\t\t<div class=\"elementor-element elementor-element-a41e45d e-con-full e-flex e-con e-child\" data-id=\"a41e45d\" data-element_type=\"container\">\n\t\t\t\t<div class=\"elementor-element elementor-element-d207a8e elementor-widget elementor-widget-heading\" data-id=\"d207a8e\" data-element_type=\"widget\" data-widget_type=\"heading.default\">\n\t\t\t\t<div class=\"elementor-widget-container\">\n\t\t\t\t\t<h2 class=\"elementor-heading-title elementor-size-default\">Lernen Sie unsere Partner kennen<\/h2>\t\t\t\t<\/div>\n\t\t\t\t<\/div>\n\t\t\t\t<div class=\"elementor-element elementor-element-caee26d elementor-widget elementor-widget-text-editor\" data-id=\"caee26d\" data-element_type=\"widget\" data-widget_type=\"text-editor.default\">\n\t\t\t\t<div class=\"elementor-widget-container\">\n\t\t\t\t\t\t\t\t\t<p>Durch die Zusammenarbeit mit den Besten der Branche und die Kombination der St\u00e4rken der einzelnen Unternehmen sind wir in der Lage, unseren Kunden die bestm\u00f6glichen L\u00f6sungen und Dienstleistungen zu bieten. Im Laufe der Jahre haben wir Partnerschaften mit Unternehmen aufgebaut, denen wir sowohl auf lokaler als auch auf globaler Ebene vertrauen. Wir glauben an die lokale Pr\u00e4senz in Ihrer Region, die Ihnen bei der Auswahl des richtigen Ger\u00e4ts helfen und Ihnen den erforderlichen Service bieten kann. Nachstehend finden Sie eine \u00dcbersicht \u00fcber unsere Partner.   <\/p>\n\t\t\t\t\t\t\t\t<\/div>\n\t\t\t\t<\/div>\n\t\t\t\t<\/div>\n\t\t\t\t\t<\/div>\n\t\t\t\t<\/div>\n\t\t<div class=\"elementor-element elementor-element-f990f01 e-flex e-con-boxed e-con e-parent\" data-id=\"f990f01\" data-element_type=\"container\">\n\t\t\t\t\t<div class=\"e-con-inner\">\n\t\t<div class=\"elementor-element elementor-element-bb4846f e-con-full e-flex e-con e-child\" data-id=\"bb4846f\" data-element_type=\"container\">\n\t\t\t\t<div class=\"elementor-element elementor-element-02eb44b elementor-grid-1 partner-loop-grid elementor-grid-tablet-2 elementor-grid-mobile-1 elementor-widget elementor-widget-loop-grid\" data-id=\"02eb44b\" data-element_type=\"widget\" data-settings=\"{&quot;template_id&quot;:5775,&quot;columns&quot;:1,&quot;alternate_template&quot;:&quot;yes&quot;,&quot;row_gap&quot;:{&quot;unit&quot;:&quot;px&quot;,&quot;size&quot;:40,&quot;sizes&quot;:[]},&quot;row_gap_mobile&quot;:{&quot;unit&quot;:&quot;px&quot;,&quot;size&quot;:20,&quot;sizes&quot;:[]},&quot;_skin&quot;:&quot;post&quot;,&quot;columns_tablet&quot;:&quot;2&quot;,&quot;columns_mobile&quot;:&quot;1&quot;,&quot;edit_handle_selector&quot;:&quot;[data-elementor-type=\\&quot;loop-item\\&quot;]&quot;,&quot;row_gap_tablet&quot;:{&quot;unit&quot;:&quot;px&quot;,&quot;size&quot;:&quot;&quot;,&quot;sizes&quot;:[]}}\" data-widget_type=\"loop-grid.post\">\n\t\t\t\t<div class=\"elementor-widget-container\">\n\t\t\t\t\t\t\t<div class=\"elementor-loop-container elementor-grid\">\n\t\t<style id=\"loop-5775\">.elementor-5775 .elementor-element.elementor-element-7a3f10f{--display:flex;--flex-direction:row;--container-widget-width:calc( ( 1 - var( --container-widget-flex-grow ) ) * 100% );--container-widget-height:100%;--container-widget-flex-grow:1;--container-widget-align-self:stretch;--flex-wrap-mobile:wrap;--align-items:center;--gap:0px 40px;--row-gap:0px;--column-gap:40px;--padding-top:0px;--padding-bottom:0px;--padding-left:0px;--padding-right:0px;}.elementor-5775 .elementor-element.elementor-element-42b042d{--display:flex;--flex-direction:column;--container-widget-width:100%;--container-widget-height:initial;--container-widget-flex-grow:0;--container-widget-align-self:initial;--flex-wrap-mobile:wrap;--padding-top:0px;--padding-bottom:0px;--padding-left:0px;--padding-right:0px;}.elementor-5775 .elementor-element.elementor-element-00b15c7{--display:flex;--flex-direction:column;--container-widget-width:100%;--container-widget-height:initial;--container-widget-flex-grow:0;--container-widget-align-self:initial;--flex-wrap-mobile:wrap;}@media(min-width:768px){.elementor-5775 .elementor-element.elementor-element-42b042d{--width:50%;}.elementor-5775 .elementor-element.elementor-element-00b15c7{--width:50%;}}@media(max-width:767px){.elementor-5775 .elementor-element.elementor-element-7a3f10f{--gap:20px 20px;--row-gap:20px;--column-gap:20px;}.elementor-5775 .elementor-element.elementor-element-00b15c7{--padding-top:0px;--padding-bottom:0px;--padding-left:0px;--padding-right:0px;}}<\/style>\t\t<div data-elementor-type=\"loop-item\" data-elementor-id=\"5775\" class=\"elementor elementor-5775 elementor-528 e-loop-item e-loop-item-1987 post-1987 gpi_partners type-gpi_partners status-publish has-post-thumbnail hentry\" data-elementor-post-type=\"elementor_library\" data-custom-edit-handle=\"1\">\n\t\t\t<div class=\"elementor-element elementor-element-7a3f10f e-flex e-con-boxed e-con e-parent\" data-id=\"7a3f10f\" data-element_type=\"container\">\n\t\t\t\t\t<div class=\"e-con-inner\">\n\t\t<div class=\"elementor-element elementor-element-42b042d e-con-full e-flex e-con e-child\" data-id=\"42b042d\" data-element_type=\"container\">\n\t\t\t\t<div class=\"elementor-element elementor-element-d3a59fc elementor-widget elementor-widget-theme-post-featured-image elementor-widget-image\" data-id=\"d3a59fc\" data-element_type=\"widget\" data-widget_type=\"theme-post-featured-image.default\">\n\t\t\t\t<div class=\"elementor-widget-container\">\n\t\t\t\t\t\t\t\t\t\t\t\t\t\t\t<img decoding=\"async\" width=\"425\" height=\"200\" src=\"https:\/\/gpi-degouwe.com\/wp-content\/uploads\/2024\/06\/kiremko-tri-brand-1.png\" class=\"attachment-large size-large wp-image-904\" alt=\"Kiremko\" srcset=\"https:\/\/gpi-degouwe.com\/wp-content\/uploads\/2024\/06\/kiremko-tri-brand-1.png 425w, https:\/\/gpi-degouwe.com\/wp-content\/uploads\/2024\/06\/kiremko-tri-brand-1-300x141.png 300w\" sizes=\"(max-width: 425px) 100vw, 425px\" title=\"by Gpi De Gouwe\">\t\t\t\t\t\t\t\t\t\t\t\t\t\t\t<\/div>\n\t\t\t\t<\/div>\n\t\t\t\t<\/div>\n\t\t<div class=\"elementor-element elementor-element-00b15c7 e-con-full e-flex e-con e-child\" data-id=\"00b15c7\" data-element_type=\"container\">\n\t\t\t\t<div class=\"elementor-element elementor-element-1ce5004 elementor-widget elementor-widget-theme-post-title elementor-page-title elementor-widget-heading\" data-id=\"1ce5004\" data-element_type=\"widget\" data-widget_type=\"theme-post-title.default\">\n\t\t\t\t<div class=\"elementor-widget-container\">\n\t\t\t\t\t<h3 class=\"elementor-heading-title elementor-size-default\">Kiremko B.V.<\/h3>\t\t\t\t<\/div>\n\t\t\t\t<\/div>\n\t\t\t\t<div class=\"elementor-element elementor-element-11e7a59 elementor-widget elementor-widget-theme-post-content\" data-id=\"11e7a59\" data-element_type=\"widget\" data-widget_type=\"theme-post-content.default\">\n\t\t\t\t<div class=\"elementor-widget-container\">\n\t\t\t\t\t<p>Kiremko B.V. ist ein im Jahr 1965 gegr\u00fcndetes niederl\u00e4ndisches Unternehmen f\u00fcr Maschinenbau, das sich ganz der kartoffelverarbeitenden Industrie verschrieben hat. Kiremko entwirft, fertigt und installiert komplette Verarbeitungslinien, Werksaufr\u00fcstungen und Kapazit\u00e4tserweiterungen sowie eigenst\u00e4ndige Anlagen. Kiremko bietet zuverl\u00e4ssige, schl\u00fcsselfertige L\u00f6sungen vom Rohproduktannahmesystem bis hin zu Verpackungslinien f\u00fcr Endprodukte wie Pommes frites, Kartoffelflocken, frische und vorgekochte Kartoffeln, Kartoffelchips und mehr.<br \/>\nKiremko glaubt an die Vorteile starker Partnerschaften. Seit vielen Jahren hat das Unternehmen aktiv Beziehungen zu internationalen Anbietern von Spezialausr\u00fcstungen und -komponenten aufgebaut, um ihre Kr\u00e4fte zu b\u00fcndeln und gemeinsam die beste und neueste Technik anzubieten.<\/p>\n\t\t\t\t<\/div>\n\t\t\t\t<\/div>\n\t\t\t\t<\/div>\n\t\t\t\t\t<\/div>\n\t\t\t\t<\/div>\n\t\t\t\t<\/div>\n\t\t\t\t<div data-elementor-type=\"loop-item\" data-elementor-id=\"5775\" class=\"elementor elementor-5775 elementor-528 e-loop-item e-loop-item-1990 post-1990 gpi_partners type-gpi_partners status-publish has-post-thumbnail hentry\" data-elementor-post-type=\"elementor_library\" data-custom-edit-handle=\"1\">\n\t\t\t<div class=\"elementor-element elementor-element-7a3f10f e-flex e-con-boxed e-con e-parent\" data-id=\"7a3f10f\" data-element_type=\"container\">\n\t\t\t\t\t<div class=\"e-con-inner\">\n\t\t<div class=\"elementor-element elementor-element-42b042d e-con-full e-flex e-con e-child\" data-id=\"42b042d\" data-element_type=\"container\">\n\t\t\t\t<div class=\"elementor-element elementor-element-d3a59fc elementor-widget elementor-widget-theme-post-featured-image elementor-widget-image\" data-id=\"d3a59fc\" data-element_type=\"widget\" data-widget_type=\"theme-post-featured-image.default\">\n\t\t\t\t<div class=\"elementor-widget-container\">\n\t\t\t\t\t\t\t\t\t\t\t\t\t\t\t<img decoding=\"async\" width=\"425\" height=\"200\" src=\"https:\/\/gpi-degouwe.com\/wp-content\/uploads\/2024\/06\/Imbsa-logo.png\" class=\"attachment-large size-large wp-image-908\" alt=\"IMBSA\" srcset=\"https:\/\/gpi-degouwe.com\/wp-content\/uploads\/2024\/06\/Imbsa-logo.png 425w, https:\/\/gpi-degouwe.com\/wp-content\/uploads\/2024\/06\/Imbsa-logo-300x141.png 300w\" sizes=\"(max-width: 425px) 100vw, 425px\" title=\"by Gpi De Gouwe\">\t\t\t\t\t\t\t\t\t\t\t\t\t\t\t<\/div>\n\t\t\t\t<\/div>\n\t\t\t\t<\/div>\n\t\t<div class=\"elementor-element elementor-element-00b15c7 e-con-full e-flex e-con e-child\" data-id=\"00b15c7\" data-element_type=\"container\">\n\t\t\t\t<div class=\"elementor-element elementor-element-1ce5004 elementor-widget elementor-widget-theme-post-title elementor-page-title elementor-widget-heading\" data-id=\"1ce5004\" data-element_type=\"widget\" data-widget_type=\"theme-post-title.default\">\n\t\t\t\t<div class=\"elementor-widget-container\">\n\t\t\t\t\t<h3 class=\"elementor-heading-title elementor-size-default\">IMBSA<\/h3>\t\t\t\t<\/div>\n\t\t\t\t<\/div>\n\t\t\t\t<div class=\"elementor-element elementor-element-11e7a59 elementor-widget elementor-widget-theme-post-content\" data-id=\"11e7a59\" data-element_type=\"widget\" data-widget_type=\"theme-post-content.default\">\n\t\t\t\t<div class=\"elementor-widget-container\">\n\t\t\t\t\t<p>IMBSA, mit Sitz in Mexiko-Stadt, ist auf die Planung und Realisierung von Projekten in der Lebensmittelindustrie spezialisiert. Ihr Engagement f\u00fcr diesen Sektor ist offensichtlich.<br \/>\nDas Unternehmen verf\u00fcgt auch \u00fcber eine Abteilung, die sich dem Import hochwertiger europ\u00e4ischer Komponenten f\u00fcr die Lebensmittelindustrie widmet, darunter Ventile und Pumpen, um die spezifischen Anforderungen ihrer Kunden zu erf\u00fcllen.<br \/>\nObwohl IMBSA urspr\u00fcnglich haupts\u00e4chlich in der Brauereiindustrie t\u00e4tig war, hat das Unternehmen durch st\u00e4ndige Wissenserweiterung und die Einstellung neuer Mitarbeiter sein Fachwissen auf andere Bereiche der Lebensmittelindustrie ausgedehnt. Dadurch k\u00f6nnen sie eine breitere Palette von L\u00f6sungen anbieten und ihre Kunden noch besser bedienen.<br \/>\nUnsere Partnerschaft mit IMBSA konzentriert sich auf Kelstream- und Pasteurisierungssysteme und nutzt die bahnbrechende <a href=\"https:\/\/gpi-degouwe.com\/products\/scraped-surface-heat-exchanger\/\">Kelstream<\/a>-Technologie zur Verbesserung und Innovation der Lebensmittelindustrie. Gemeinsam streben wir nach Erfolg und Wachstum in dieser spannenden Branche.<\/p>\n\t\t\t\t<\/div>\n\t\t\t\t<\/div>\n\t\t\t\t<\/div>\n\t\t\t\t\t<\/div>\n\t\t\t\t<\/div>\n\t\t\t\t<\/div>\n\t\t\t\t<div data-elementor-type=\"loop-item\" data-elementor-id=\"5775\" class=\"elementor elementor-5775 elementor-528 e-loop-item e-loop-item-1991 post-1991 gpi_partners type-gpi_partners status-publish has-post-thumbnail hentry\" data-elementor-post-type=\"elementor_library\" data-custom-edit-handle=\"1\">\n\t\t\t<div class=\"elementor-element elementor-element-7a3f10f e-flex e-con-boxed e-con e-parent\" data-id=\"7a3f10f\" data-element_type=\"container\">\n\t\t\t\t\t<div class=\"e-con-inner\">\n\t\t<div class=\"elementor-element elementor-element-42b042d e-con-full e-flex e-con e-child\" data-id=\"42b042d\" data-element_type=\"container\">\n\t\t\t\t<div class=\"elementor-element elementor-element-d3a59fc elementor-widget elementor-widget-theme-post-featured-image elementor-widget-image\" data-id=\"d3a59fc\" data-element_type=\"widget\" data-widget_type=\"theme-post-featured-image.default\">\n\t\t\t\t<div class=\"elementor-widget-container\">\n\t\t\t\t\t\t\t\t\t\t\t\t\t\t\t<img loading=\"lazy\" decoding=\"async\" width=\"425\" height=\"291\" src=\"https:\/\/gpi-degouwe.com\/wp-content\/uploads\/2024\/06\/exonder-logo.png\" class=\"attachment-large size-large wp-image-910\" alt=\"Exonder\" srcset=\"https:\/\/gpi-degouwe.com\/wp-content\/uploads\/2024\/06\/exonder-logo.png 425w, https:\/\/gpi-degouwe.com\/wp-content\/uploads\/2024\/06\/exonder-logo-300x205.png 300w\" sizes=\"(max-width: 425px) 100vw, 425px\" title=\"by Gpi De Gouwe\">\t\t\t\t\t\t\t\t\t\t\t\t\t\t\t<\/div>\n\t\t\t\t<\/div>\n\t\t\t\t<\/div>\n\t\t<div class=\"elementor-element elementor-element-00b15c7 e-con-full e-flex e-con e-child\" data-id=\"00b15c7\" data-element_type=\"container\">\n\t\t\t\t<div class=\"elementor-element elementor-element-1ce5004 elementor-widget elementor-widget-theme-post-title elementor-page-title elementor-widget-heading\" data-id=\"1ce5004\" data-element_type=\"widget\" data-widget_type=\"theme-post-title.default\">\n\t\t\t\t<div class=\"elementor-widget-container\">\n\t\t\t\t\t<h3 class=\"elementor-heading-title elementor-size-default\">Exonder<\/h3>\t\t\t\t<\/div>\n\t\t\t\t<\/div>\n\t\t\t\t<div class=\"elementor-element elementor-element-11e7a59 elementor-widget elementor-widget-theme-post-content\" data-id=\"11e7a59\" data-element_type=\"widget\" data-widget_type=\"theme-post-content.default\">\n\t\t\t\t<div class=\"elementor-widget-container\">\n\t\t\t\t\t<p>Exonder ist ein f\u00fchrendes italienisches Familienunternehmen, das sich mit Stolz verschiedenen Sektoren widmet, darunter Lebensmittel, Pharmazeutika und Chemikalien. Der Standort in Norditalien, strategisch g\u00fcnstig direkt am sch\u00f6nen Lago Maggiore gelegen, ist das Herzst\u00fcck des Unternehmens.<br \/>\nAls engagierter Importeur mehrerer f\u00fchrender Hersteller liefert das Unternehmen hochwertige Prozesskomponenten und Ausr\u00fcstungen f\u00fcr die gesamte Industrie. Die Produktpalette umfasst Pumpen, Ventile, W\u00e4rmetauscher, Molchsysteme und Dampfinjektionsl\u00f6sungen.<br \/>\nUnsere Partnerschaft mit Exonder konzentriert sich auf die Lebensmittelabteilung des Unternehmens, das sich f\u00fcr die F\u00f6rderung der <a href=\"https:\/\/gpi-degouwe.com\/products\/scraped-surface-heat-exchanger\/\">Kelstream<\/a>-Technologie in Italien einsetzt.<br \/>\nGemeinsam mit Exonder wollen wir innovative L\u00f6sungen anbieten, die der Lebensmittelindustrie in Italien zu neuen H\u00f6henfl\u00fcgen verhelfen werden.<\/p>\n\t\t\t\t<\/div>\n\t\t\t\t<\/div>\n\t\t\t\t<\/div>\n\t\t\t\t\t<\/div>\n\t\t\t\t<\/div>\n\t\t\t\t<\/div>\n\t\t\t\t<\/div>\n\t\t\n\t\t\t\t\t\t<\/div>\n\t\t\t\t<\/div>\n\t\t\t\t<\/div>\n\t\t\t\t\t<\/div>\n\t\t\t\t<\/div>\n\t\t\t\t<\/div>\n\t\t","protected":false},"excerpt":{"rendered":"<p>Home Unsere Partner Wir arbeiten gerne zusammen, um die besten Ergebnisse zu erzielen Lernen Sie unsere Partner kennen Durch die Zusammenarbeit mit den Besten der Branche und die Kombination der St\u00e4rken der einzelnen Unternehmen sind wir in der Lage, unseren Kunden die bestm\u00f6glichen L\u00f6sungen und Dienstleistungen zu bieten. Im Laufe der Jahre haben wir Partnerschaften [&hellip;]<\/p>\n","protected":false},"author":1,"featured_media":0,"parent":0,"menu_order":0,"comment_status":"closed","ping_status":"closed","template":"elementor_header_footer","meta":{"_acf_changed":false,"rank_math_title":"","rank_math_description":"","rank_math_focus_keyword":"Partner","footnotes":""},"class_list":["post-1976","page","type-page","status-publish","hentry"],"acf":[],"_links":{"self":[{"href":"https:\/\/gpi-degouwe.com\/de\/wp-json\/wp\/v2\/pages\/1976","targetHints":{"allow":["GET"]}}],"collection":[{"href":"https:\/\/gpi-degouwe.com\/de\/wp-json\/wp\/v2\/pages"}],"about":[{"href":"https:\/\/gpi-degouwe.com\/de\/wp-json\/wp\/v2\/types\/page"}],"author":[{"embeddable":true,"href":"https:\/\/gpi-degouwe.com\/de\/wp-json\/wp\/v2\/users\/1"}],"replies":[{"embeddable":true,"href":"https:\/\/gpi-degouwe.com\/de\/wp-json\/wp\/v2\/comments?post=1976"}],"version-history":[{"count":4,"href":"https:\/\/gpi-degouwe.com\/de\/wp-json\/wp\/v2\/pages\/1976\/revisions"}],"predecessor-version":[{"id":5683,"href":"https:\/\/gpi-degouwe.com\/de\/wp-json\/wp\/v2\/pages\/1976\/revisions\/5683"}],"wp:attachment":[{"href":"https:\/\/gpi-degouwe.com\/de\/wp-json\/wp\/v2\/media?parent=1976"}],"curies":[{"name":"wp","href":"https:\/\/api.w.org\/{rel}","templated":true}]}}